{"id":119,"date":"2020-02-17T12:35:09","date_gmt":"2020-02-17T11:35:09","guid":{"rendered":"http:\/\/premiomorlotti.it\/?page_id=119"},"modified":"2020-03-05T15:56:57","modified_gmt":"2020-03-05T14:56:57","slug":"giulio-crisanti-1a-edizione","status":"publish","type":"page","link":"https:\/\/www.premiomorlotti.it\/?page_id=119","title":{"rendered":"Giulio Crisanti   1\u00aa Edizione"},"content":{"rendered":"\n<div class=\"wp-block-image\"><figure class=\"alignleft size-large is-resized\"><img loading=\"lazy\" decoding=\"async\" src=\"https:\/\/www.premiomorlotti.it\/wp-content\/uploads\/2020\/02\/Giulio-Crisanti-Periferia-1994-Tecnica-mista-su-tela-90x90-cm-1-1024x1022.jpg\" alt=\"\" class=\"wp-image-218\" width=\"358\" height=\"356\" srcset=\"https:\/\/www.premiomorlotti.it\/wp-content\/uploads\/2020\/02\/Giulio-Crisanti-Periferia-1994-Tecnica-mista-su-tela-90x90-cm-1-1024x1022.jpg 1024w, https:\/\/www.premiomorlotti.it\/wp-content\/uploads\/2020\/02\/Giulio-Crisanti-Periferia-1994-Tecnica-mista-su-tela-90x90-cm-1-150x150.jpg 150w, https:\/\/www.premiomorlotti.it\/wp-content\/uploads\/2020\/02\/Giulio-Crisanti-Periferia-1994-Tecnica-mista-su-tela-90x90-cm-1-768x766.jpg 768w, https:\/\/www.premiomorlotti.it\/wp-content\/uploads\/2020\/02\/Giulio-Crisanti-Periferia-1994-Tecnica-mista-su-tela-90x90-cm-1-1536x1532.jpg 1536w, https:\/\/www.premiomorlotti.it\/wp-content\/uploads\/2020\/02\/Giulio-Crisanti-Periferia-1994-Tecnica-mista-su-tela-90x90-cm-1-230x230.jpg 230w, https:\/\/www.premiomorlotti.it\/wp-content\/uploads\/2020\/02\/Giulio-Crisanti-Periferia-1994-Tecnica-mista-su-tela-90x90-cm-1.jpg 1683w\" sizes=\"auto, (max-width: 358px) 100vw, 358px\" \/><\/figure><\/div>\n\n\n\n<p>L\u2019edizione\ninaugurale del Premio Morlotti del 1996 vide come vincitore Giulio Crisanti,\nper l\u2019opera <strong><em>Periferia<\/em><\/strong> (tecnica mista su tela, cm 90 x 90).<\/p>\n\n\n\n<p>Le periferie delle citt\u00e0\noccidentali sono un agglomerato ipertrofico di case e non pulsante di quella\nvita frenetica che abita il centro.<\/p>\n\n\n\n<p>Nel dipinto, i\ncupi dormitori immersi in una notte perennemente spettrale sono percorsi da un\nreticolo di strade, ai bordi delle quali anonimi edifici si alzano a oscurare\nil cielo: un rosso disperante sia per l\u2019impotenza della periferia a raggiungere\nil centro, sia per il malinconico e indiretto ricordo di quella buona e vecchia\ncampagna che naturalmente occupava quegli spazi.<\/p>\n\n\n\n<p>La pennellata\n\u00e8 essenziale poich\u00e9 ha voluto esprimere una realt\u00e0 spaziale che nega <em>l\u2019esserci<\/em> proprio dell\u2019uomo, il quale \u00e8\nasserragliato, come fosse prigioniero, dietro le buie occhiate delle finestre.<\/p>\n\n\n\n<p>Giulio\nCrisanti \u00e8 nato a Frascati nel 1932. Attualmente vive e opera a Robbiate (Lc).<\/p>\n\n\n\n<p>Ha partecipato\ne presenzia a innumerevoli esposizioni in Italia e non solo e oggi \u00e8 socio\ndella Societ\u00e0 per le Belle Arti ed Esposizione Permanente di Milano.<\/p>\n\n\n\n<p>L\u2019ottenimento della propria <em>cifra <\/em>artistica comincia molto presto, e si esprime nella pittura, con la ceramica e nella scultura. Qualche decennio pi\u00f9 tardi, trasferendosi a Milano, si impegna nel settore design e grafica arrivando a progettare e realizzare due spazi museali, uno a Milano e uno a Roma.<\/p>\n\n\n\n<p>Da sempre, e\nsoprattutto da quando, bambino, fu testimone della tragedia della seconda guerra\nmondiale, in lui \u00e8 viva e profonda la sensibilit\u00e0 per il destino degli uomini\ncontemporanei e della loro non facile convivenza.<\/p>\n\n\n\n<p>Non poteva che\nessere la<em> solidariet\u00e0<\/em> fra gli uomini\na ispirare l\u2019arte di Giulio Crisanti, calata in una realt\u00e0 complessa. <\/p>\n\n\n\n<p>L\u2019artista\nosserva l\u2019umanit\u00e0 realisticamente e con la ferma volont\u00e0 di denunciare e\nopporsi a ingiustizie, discriminazioni, meschinit\u00e0 portatrici di miserie\narrecanti dolori fino all\u2019annullamento dei diritti.<\/p>\n\n\n\n<p>I caratteri <em>informale<\/em> e lo<em> spigoloso<\/em> dei tratti pittorici, non sono forme genericamente\nastratte, ma elementi figurativi evocativi e concreti di un vissuto attento e doloroso.<\/p>\n","protected":false},"excerpt":{"rendered":"<p>L\u2019edizione inaugurale del Premio Morlotti del 1996 vide come vincitore Giulio Crisanti, per l\u2019opera Periferia (tecnica mista su tela, cm 90 x 90). Le periferie delle citt\u00e0 occidentali sono un agglomerato ipertrofico di case e non pulsante di quella vita<\/p>\n","protected":false},"author":1,"featured_media":0,"parent":0,"menu_order":0,"comment_status":"closed","ping_status":"closed","template":"","meta":{"_uag_custom_page_level_css":"","footnotes":""},"class_list":["post-119","page","type-page","status-publish","hentry"],"uagb_featured_image_src":{"full":false,"thumbnail":false,"medium":false,"medium_large":false,"large":false,"1536x1536":false,"2048x2048":false,"featured-blog-large":false,"featured-blog-medium":false,"featured":false,"featured-blog-medium-small":false},"uagb_author_info":{"display_name":"amministratore","author_link":"https:\/\/www.premiomorlotti.it\/?author=1"},"uagb_comment_info":0,"uagb_excerpt":"L\u2019edizione inaugurale del Premio Morlotti del 1996 vide come vincitore Giulio Crisanti, per l\u2019opera Periferia (tecnica mista su tela, cm 90 x 90). Le periferie delle citt\u00e0 occidentali sono un agglomerato ipertrofico di case e non pulsante di quella vita","_links":{"self":[{"href":"https:\/\/www.premiomorlotti.it\/index.php?rest_route=\/wp\/v2\/pages\/119","targetHints":{"allow":["GET"]}}],"collection":[{"href":"https:\/\/www.premiomorlotti.it\/index.php?rest_route=\/wp\/v2\/pages"}],"about":[{"href":"https:\/\/www.premiomorlotti.it\/index.php?rest_route=\/wp\/v2\/types\/page"}],"author":[{"embeddable":true,"href":"https:\/\/www.premiomorlotti.it\/index.php?rest_route=\/wp\/v2\/users\/1"}],"replies":[{"embeddable":true,"href":"https:\/\/www.premiomorlotti.it\/index.php?rest_route=%2Fwp%2Fv2%2Fcomments&post=119"}],"version-history":[{"count":3,"href":"https:\/\/www.premiomorlotti.it\/index.php?rest_route=\/wp\/v2\/pages\/119\/revisions"}],"predecessor-version":[{"id":364,"href":"https:\/\/www.premiomorlotti.it\/index.php?rest_route=\/wp\/v2\/pages\/119\/revisions\/364"}],"wp:attachment":[{"href":"https:\/\/www.premiomorlotti.it\/index.php?rest_route=%2Fwp%2Fv2%2Fmedia&parent=119"}],"curies":[{"name":"wp","href":"https:\/\/api.w.org\/{rel}","templated":true}]}}