{"id":12,"date":"2020-02-05T17:17:43","date_gmt":"2020-02-05T16:17:43","guid":{"rendered":"http:\/\/premiomorlotti.it\/?page_id=12"},"modified":"2021-06-23T15:56:19","modified_gmt":"2021-06-23T13:56:19","slug":"premio-morlotti-imbersago","status":"publish","type":"page","link":"https:\/\/www.premiomorlotti.it\/?page_id=12","title":{"rendered":"Il Premio"},"content":{"rendered":"\n<h2 class=\"wp-block-heading\"> <strong>Il senso di un Premio<\/strong> <\/h2>\n\n\n\n<p><em>Il Premio Morlotti Imbersago sin dall\u2019inizio ha puntato e punta su una attivit\u00e0 artistica che tende a indagare e incoraggiare nei giovani artisti di oggi modalit\u00e0 capaci di non rinunciare alle ragioni pi\u00f9 consolidate della pittura ma anche di innovarne i termini e le possibilit\u00e0 espressive. <\/em><\/p>\n\n\n\n<p><em> Vogliamo, in altre parole, contribuire a far crescere nel contemporaneo una visione pittorica in grado di opporsi all\u2019attuale prevalenza di tendenze effimere e puramente estetizzanti, orientando invece la pittura verso un dialogo pi\u00f9 attivo con la realt\u00e0 del mondo e dell\u2019umanit\u00e0 di oggi nelle sue condizioni e contraddizioni. <br> E intendiamo farlo insistendo a esercitare un ruolo di scandaglio e di sollecitazione, con una formula organizzativa pensata per sondare in profondit\u00e0 una fascia di artisti giovani, ancora studenti o poco o per nulla conosciuti nell\u2019ambiente, dunque non ancora condizionati dalle spinte speculative e omologanti di una larga maggioranza di mercanti e galleristi. Giungendo cos\u00ec a identificare personalit\u00e0 realmente inedite, fresche, sorgive.<\/em><\/p>\n\n\n\n<p><em> Inoltre, ricordando il nostro riferimento morlottiano, cio\u00e8 il genius loci di un artista che ha impresso alla storia della nostra pittura un segno indelebile fatto di tensione altissima tra forma e realt\u00e0 naturale, il nostro Premio ricerca la migliore qualit\u00e0 espressiva e incoraggia, nella libert\u00e0 di mezzi, segni e strumenti, un terreno prevalentemente figurale sul piano dei linguaggi, rivolgendo in particolare l\u2019attenzione alle tematiche della natura nel suo rapporto con il destino dell\u2019uomo di oggi, delle sue speranze e delle sue contraddizioni. <br> Dall\u2019insieme di queste impostazioni e sollecitazioni emerge l\u2019identit\u00e0 del nostro Premio. Cui si aggiunge, a completamento di un corto circuito che vorremmo ben vivo con le generazioni artistiche gi\u00e0 consolidate, il parallelo rappresentato da un Premio alla Carriera che da qualche anno abbiamo iniziato ad assegnare a un artista maturo e riconosciuto in occasione di ogni nostra edizione, creando cos\u00ec un\u2019occasione concreta di relazione e confronto tra generazioni diverse.<\/em><\/p>\n\n\n\n<p class=\"has-text-align-right\">&nbsp;&nbsp;&nbsp;&nbsp;&nbsp;&nbsp;&nbsp;&nbsp;&nbsp;&nbsp;&nbsp;&nbsp;&nbsp;&nbsp;&nbsp;&nbsp;&nbsp;&nbsp;&nbsp;&nbsp;&nbsp;&nbsp;&nbsp;&nbsp;&nbsp;&nbsp;&nbsp;&nbsp;&nbsp;&nbsp;&nbsp;&nbsp;&nbsp;&nbsp;&nbsp;&nbsp;&nbsp;&nbsp;&nbsp;&nbsp;&nbsp;&nbsp;&nbsp;&nbsp;&nbsp;&nbsp;&nbsp;&nbsp;&nbsp;&nbsp;&nbsp;&nbsp;&nbsp;&nbsp;&nbsp;\n<em>I curatori<\/em><\/p>\n\n\n\n<p class=\"has-text-align-right\">Simona Bartolena, Chiara Gatti, Giorgio Seveso<br><br><\/p>\n\n\n\n<h4 class=\"wp-block-heading\">Rassegna Stampa<\/h4>\n\n\n<ul class=\"wp-block-latest-posts__list wp-block-latest-posts\"><li><a class=\"wp-block-latest-posts__post-title\" href=\"https:\/\/www.premiomorlotti.it\/?p=171\">Premio Morlotti: fra storia e novit\u00e0<\/a><\/li>\n<li><a class=\"wp-block-latest-posts__post-title\" href=\"https:\/\/www.premiomorlotti.it\/?p=168\">Quadri d&#8217;autore lungo le scale e il municipio diventa un Museo<\/a><\/li>\n<\/ul>\n\n\n<figure class=\"wp-block-gallery aligncenter columns-0 is-cropped wp-block-gallery-1 is-layout-flex wp-block-gallery-is-layout-flex\"><ul class=\"blocks-gallery-grid\"><\/ul><\/figure>\n\n\n\n<p class=\"has-text-align-right\"><br><\/p>\n","protected":false},"excerpt":{"rendered":"<p>Il senso di un Premio Il Premio Morlotti Imbersago sin dall\u2019inizio ha puntato e punta su una attivit\u00e0 artistica che tende a indagare e incoraggiare nei giovani artisti di oggi modalit\u00e0 capaci di non rinunciare alle ragioni pi\u00f9 consolidate della<\/p>\n","protected":false},"author":1,"featured_media":0,"parent":0,"menu_order":0,"comment_status":"closed","ping_status":"closed","template":"","meta":{"_uag_custom_page_level_css":"","footnotes":""},"class_list":["post-12","page","type-page","status-publish","hentry"],"uagb_featured_image_src":{"full":false,"thumbnail":false,"medium":false,"medium_large":false,"large":false,"1536x1536":false,"2048x2048":false,"featured-blog-large":false,"featured-blog-medium":false,"featured":false,"featured-blog-medium-small":false},"uagb_author_info":{"display_name":"amministratore","author_link":"https:\/\/www.premiomorlotti.it\/?author=1"},"uagb_comment_info":0,"uagb_excerpt":"Il senso di un Premio Il Premio Morlotti Imbersago sin dall\u2019inizio ha puntato e punta su una attivit\u00e0 artistica che tende a indagare e incoraggiare nei giovani artisti di oggi modalit\u00e0 capaci di non rinunciare alle ragioni pi\u00f9 consolidate della","_links":{"self":[{"href":"https:\/\/www.premiomorlotti.it\/index.php?rest_route=\/wp\/v2\/pages\/12","targetHints":{"allow":["GET"]}}],"collection":[{"href":"https:\/\/www.premiomorlotti.it\/index.php?rest_route=\/wp\/v2\/pages"}],"about":[{"href":"https:\/\/www.premiomorlotti.it\/index.php?rest_route=\/wp\/v2\/types\/page"}],"author":[{"embeddable":true,"href":"https:\/\/www.premiomorlotti.it\/index.php?rest_route=\/wp\/v2\/users\/1"}],"replies":[{"embeddable":true,"href":"https:\/\/www.premiomorlotti.it\/index.php?rest_route=%2Fwp%2Fv2%2Fcomments&post=12"}],"version-history":[{"count":32,"href":"https:\/\/www.premiomorlotti.it\/index.php?rest_route=\/wp\/v2\/pages\/12\/revisions"}],"predecessor-version":[{"id":828,"href":"https:\/\/www.premiomorlotti.it\/index.php?rest_route=\/wp\/v2\/pages\/12\/revisions\/828"}],"wp:attachment":[{"href":"https:\/\/www.premiomorlotti.it\/index.php?rest_route=%2Fwp%2Fv2%2Fmedia&parent=12"}],"curies":[{"name":"wp","href":"https:\/\/api.w.org\/{rel}","templated":true}]}}