{"id":121,"date":"2020-02-17T12:36:07","date_gmt":"2020-02-17T11:36:07","guid":{"rendered":"http:\/\/premiomorlotti.it\/?page_id=121"},"modified":"2020-02-25T12:30:12","modified_gmt":"2020-02-25T11:30:12","slug":"leonardo-magnani-11a-edizione","status":"publish","type":"page","link":"https:\/\/www.premiomorlotti.it\/?page_id=121","title":{"rendered":"Leonardo Magnani- 11\u00aa Edizione"},"content":{"rendered":"\n<div class=\"wp-block-image\"><figure class=\"alignleft size-large is-resized\"><img loading=\"lazy\" decoding=\"async\" src=\"https:\/\/www.premiomorlotti.it\/wp-content\/uploads\/2020\/02\/Leonardo-Magnani-Campo-Matto-1\u00b0-olio-e-collage-fotografico-su-tavola-140x140-cm-2006-7-1.png\" alt=\"\" class=\"wp-image-221\" width=\"365\" height=\"360\" srcset=\"https:\/\/www.premiomorlotti.it\/wp-content\/uploads\/2020\/02\/Leonardo-Magnani-Campo-Matto-1\u00b0-olio-e-collage-fotografico-su-tavola-140x140-cm-2006-7-1.png 500w, https:\/\/www.premiomorlotti.it\/wp-content\/uploads\/2020\/02\/Leonardo-Magnani-Campo-Matto-1\u00b0-olio-e-collage-fotografico-su-tavola-140x140-cm-2006-7-1-300x295.png 300w\" sizes=\"auto, (max-width: 365px) 100vw, 365px\" \/><\/figure><\/div>\n\n\n\n<p>Leonardo Magnani\nha partecipato all\u2019edizione 2007 del Premio Morlotti con l\u2019opera <strong><em>Campo\nMatto 1\u00b0<\/em><\/strong>(olio e collage fotografico su tavola cm 140 x 140).<\/p>\n\n\n\n<p>E\u2019nato a\nFiesole il 14 maggio 1981. Si diploma al Liceo Artistico Leon Battista Alberti\ndi Firenze. Nel 2005 si laurea all\u2019Accademia di Belle Arti di Firenze con 110\u00b0\ne lode alla scuola di pittura del prof. Adriano Bimbi. Vive e lavora a Firenze.<\/p>\n\n\n\n<p>La sua \u00e8 una visione allargata del tema della natura non semplicemente\nracchiusa in forme certe e definite. I suoi paesaggi sono resi plasticamente, evocati\nda una tensione interiore che esplora ed esprime la complessit\u00e0 e profondit\u00e0\nche essi ispirano. <\/p>\n\n\n\n<p>Le sue opere\nsono racconti di emozioni e di sentimenti.<\/p>\n\n\n\n<p>\u201c<em>Parto dalle suggestioni, da ci\u00f2 che vedo, ma\ncon pi\u00f9 forza da ci\u00f2 che si sente. Immagino un buio vibrante. La notte pi\u00f9 che\nvedere, si sente, si palpa l\u2019oscurit\u00e0 con l\u2019occhio umido, si cerca a tentoni di\nchi non sa, l\u2019ignoto\u2026<\/em><\/p>\n\n\n\n<p><em>E\u2019\nl\u2019indeterminatezza che mi attrae, l\u2019ibrido, il paesaggio tra natura e opera\ndell\u2019uomo\u2026<\/em><\/p>\n\n\n\n<p><em>Il\npaesaggio \u00e8 un organismo vivo e complesso\u201d<\/em>.<\/p>\n","protected":false},"excerpt":{"rendered":"<p>Leonardo Magnani ha partecipato all\u2019edizione 2007 del Premio Morlotti con l\u2019opera Campo Matto 1\u00b0(olio e collage fotografico su tavola cm 140 x 140). E\u2019nato a Fiesole il 14 maggio 1981. Si diploma al Liceo Artistico Leon Battista Alberti di Firenze.<\/p>\n","protected":false},"author":1,"featured_media":0,"parent":0,"menu_order":0,"comment_status":"closed","ping_status":"closed","template":"","meta":{"_uag_custom_page_level_css":"","footnotes":""},"class_list":["post-121","page","type-page","status-publish","hentry"],"uagb_featured_image_src":{"full":false,"thumbnail":false,"medium":false,"medium_large":false,"large":false,"1536x1536":false,"2048x2048":false,"featured-blog-large":false,"featured-blog-medium":false,"featured":false,"featured-blog-medium-small":false},"uagb_author_info":{"display_name":"amministratore","author_link":"https:\/\/www.premiomorlotti.it\/?author=1"},"uagb_comment_info":0,"uagb_excerpt":"Leonardo Magnani ha partecipato all\u2019edizione 2007 del Premio Morlotti con l\u2019opera Campo Matto 1\u00b0(olio e collage fotografico su tavola cm 140 x 140). E\u2019nato a Fiesole il 14 maggio 1981. Si diploma al Liceo Artistico Leon Battista Alberti di Firenze.","_links":{"self":[{"href":"https:\/\/www.premiomorlotti.it\/index.php?rest_route=\/wp\/v2\/pages\/121","targetHints":{"allow":["GET"]}}],"collection":[{"href":"https:\/\/www.premiomorlotti.it\/index.php?rest_route=\/wp\/v2\/pages"}],"about":[{"href":"https:\/\/www.premiomorlotti.it\/index.php?rest_route=\/wp\/v2\/types\/page"}],"author":[{"embeddable":true,"href":"https:\/\/www.premiomorlotti.it\/index.php?rest_route=\/wp\/v2\/users\/1"}],"replies":[{"embeddable":true,"href":"https:\/\/www.premiomorlotti.it\/index.php?rest_route=%2Fwp%2Fv2%2Fcomments&post=121"}],"version-history":[{"count":2,"href":"https:\/\/www.premiomorlotti.it\/index.php?rest_route=\/wp\/v2\/pages\/121\/revisions"}],"predecessor-version":[{"id":222,"href":"https:\/\/www.premiomorlotti.it\/index.php?rest_route=\/wp\/v2\/pages\/121\/revisions\/222"}],"wp:attachment":[{"href":"https:\/\/www.premiomorlotti.it\/index.php?rest_route=%2Fwp%2Fv2%2Fmedia&parent=121"}],"curies":[{"name":"wp","href":"https:\/\/api.w.org\/{rel}","templated":true}]}}