{"id":202,"date":"2020-02-25T12:19:50","date_gmt":"2020-02-25T11:19:50","guid":{"rendered":"http:\/\/www.premiomorlotti.it\/?page_id=202"},"modified":"2020-03-05T16:02:16","modified_gmt":"2020-03-05T15:02:16","slug":"erika-riehle-12-aedizione-1-premio-ex-aequo","status":"publish","type":"page","link":"https:\/\/www.premiomorlotti.it\/?page_id=202","title":{"rendered":"Erika Riehle 12 \u00aaEdizione \u2013 1\u00b0 Premio ex aequo"},"content":{"rendered":"\n<div class=\"wp-block-image\"><figure class=\"alignleft size-large is-resized\"><img loading=\"lazy\" decoding=\"async\" src=\"https:\/\/www.premiomorlotti.it\/wp-content\/uploads\/2020\/02\/Erika-Riehle-SpazIO-2009-acrilico-su-tela-100x120cm-1.png\" alt=\"\" class=\"wp-image-204\" width=\"376\" height=\"314\" srcset=\"https:\/\/www.premiomorlotti.it\/wp-content\/uploads\/2020\/02\/Erika-Riehle-SpazIO-2009-acrilico-su-tela-100x120cm-1.png 736w, https:\/\/www.premiomorlotti.it\/wp-content\/uploads\/2020\/02\/Erika-Riehle-SpazIO-2009-acrilico-su-tela-100x120cm-1-300x251.png 300w\" sizes=\"auto, (max-width: 376px) 100vw, 376px\" \/><\/figure><\/div>\n\n\n\n<p>Erika Riehle \u00e8 premiata per l\u2019opera \u201cSpazIO\u201d (acrilico su tela, cm 100 x 120).<\/p>\n\n\n\n<p>L\u2019artista nasce a Torino nel 1983 e nel 2008 consegue il diploma di 1\u00b0livello in Pittura all\u2019Accademia di Belle Arti torinese.<\/p>\n\n\n\n<p>Erika Riehle esplora con limpida suggestione e persuasiva maturit\u00e0 uno spazio urbano distillato e trattenuto sul tema dell\u2019estraneazione e dello sgomento: spazio le cui prospettive sono percorse da una vertigine d\u2019incombenza, da un moltiplicarsi statico di punti di vista puramente mentali ma anche concreti, nell\u2019assoluta immobilit\u00e0 di ogni possibile vibrazione o movimento. Pi\u00f9 l\u2019immagine tende alla precisione oggettiva e pi\u00f9 la citt\u00e0 \u00e8 pretesto di una straordinaria e acutissima proiezione emozionale, sfondo per una elegia dell\u2019assenza. Qui il vuoto e il pieno si confrontano geometricamente in un contrappunto silenzioso, in un brivido d\u2019ansia quasi scientifico, in cui l\u2019esatta precisione delle scansioni si dissolve come in una nebbia d\u2019ambiguit\u00e0, assolutamente affascinante.<\/p>\n","protected":false},"excerpt":{"rendered":"<p>Erika Riehle \u00e8 premiata per l\u2019opera \u201cSpazIO\u201d (acrilico su tela, cm 100 x 120). L\u2019artista nasce a Torino nel 1983 e nel 2008 consegue il diploma di 1\u00b0livello in Pittura all\u2019Accademia di Belle Arti torinese. Erika Riehle esplora con limpida<\/p>\n","protected":false},"author":1,"featured_media":0,"parent":0,"menu_order":0,"comment_status":"closed","ping_status":"closed","template":"","meta":{"_uag_custom_page_level_css":"","footnotes":""},"class_list":["post-202","page","type-page","status-publish","hentry"],"uagb_featured_image_src":{"full":false,"thumbnail":false,"medium":false,"medium_large":false,"large":false,"1536x1536":false,"2048x2048":false,"featured-blog-large":false,"featured-blog-medium":false,"featured":false,"featured-blog-medium-small":false},"uagb_author_info":{"display_name":"amministratore","author_link":"https:\/\/www.premiomorlotti.it\/?author=1"},"uagb_comment_info":0,"uagb_excerpt":"Erika Riehle \u00e8 premiata per l\u2019opera \u201cSpazIO\u201d (acrilico su tela, cm 100 x 120). L\u2019artista nasce a Torino nel 1983 e nel 2008 consegue il diploma di 1\u00b0livello in Pittura all\u2019Accademia di Belle Arti torinese. Erika Riehle esplora con limpida","_links":{"self":[{"href":"https:\/\/www.premiomorlotti.it\/index.php?rest_route=\/wp\/v2\/pages\/202","targetHints":{"allow":["GET"]}}],"collection":[{"href":"https:\/\/www.premiomorlotti.it\/index.php?rest_route=\/wp\/v2\/pages"}],"about":[{"href":"https:\/\/www.premiomorlotti.it\/index.php?rest_route=\/wp\/v2\/types\/page"}],"author":[{"embeddable":true,"href":"https:\/\/www.premiomorlotti.it\/index.php?rest_route=\/wp\/v2\/users\/1"}],"replies":[{"embeddable":true,"href":"https:\/\/www.premiomorlotti.it\/index.php?rest_route=%2Fwp%2Fv2%2Fcomments&post=202"}],"version-history":[{"count":4,"href":"https:\/\/www.premiomorlotti.it\/index.php?rest_route=\/wp\/v2\/pages\/202\/revisions"}],"predecessor-version":[{"id":369,"href":"https:\/\/www.premiomorlotti.it\/index.php?rest_route=\/wp\/v2\/pages\/202\/revisions\/369"}],"wp:attachment":[{"href":"https:\/\/www.premiomorlotti.it\/index.php?rest_route=%2Fwp%2Fv2%2Fmedia&parent=202"}],"curies":[{"name":"wp","href":"https:\/\/api.w.org\/{rel}","templated":true}]}}