{"id":206,"date":"2020-02-25T12:22:08","date_gmt":"2020-02-25T11:22:08","guid":{"rendered":"http:\/\/www.premiomorlotti.it\/?page_id=206"},"modified":"2020-03-05T16:03:04","modified_gmt":"2020-03-05T15:03:04","slug":"marco-petrus-2-classificato-alla-2a-edizione","status":"publish","type":"page","link":"https:\/\/www.premiomorlotti.it\/?page_id=206","title":{"rendered":"Marco Petrus 2\u00b0 classificato alla 2\u00aa Edizione"},"content":{"rendered":"\n<div class=\"wp-block-image\"><figure class=\"alignleft size-large is-resized\"><img loading=\"lazy\" decoding=\"async\" src=\"https:\/\/www.premiomorlotti.it\/wp-content\/uploads\/2020\/02\/Marco-Petrus-Citt\u00e0-1996-Olio-su-carta-80x60cm-1.png\" alt=\"\" class=\"wp-image-207\" width=\"306\" height=\"416\" srcset=\"https:\/\/www.premiomorlotti.it\/wp-content\/uploads\/2020\/02\/Marco-Petrus-Citt\u00e0-1996-Olio-su-carta-80x60cm-1.png 563w, https:\/\/www.premiomorlotti.it\/wp-content\/uploads\/2020\/02\/Marco-Petrus-Citt\u00e0-1996-Olio-su-carta-80x60cm-1-221x300.png 221w\" sizes=\"auto, (max-width: 306px) 100vw, 306px\" \/><\/figure><\/div>\n\n\n\n<p>La\nseconda posizione del Premio Morlotti 1997 \u00e8 assegnata a\nMarco Petrus, per l\u2019opera <strong><em>Citt\u00e0<\/em><\/strong> (1996, olio su carta cm 80 x\n60).<\/p>\n\n\n\n<p>Una\ncitt\u00e0 vuota, perch\u00e9 contenitore del nulla: il nulla che ha divorato l\u2019animo di chi\nla abita. L\u2019ordine della geometria architettonica come indispensabile\nquadrettatura per orizzontarsi nel vuoto, e insieme gelido sigillo tombale\ncalato sul caos vitale della natura. L\u2019uomo non c\u2019\u00e8 pi\u00f9, \u00e8 scivolato dietro le\nquinte: i palazzi, con le occhiaie buie delle finestre, sono i fondali\nabbandonati di un dramma che si \u00e8 ormai consumato. La ricerca di Marco Petrus \u00e8\nincentrata da anni sul paesaggio urbano, analiticamente ritratto come a\nstudiarne una via di fuga: i suoi quadri sono i piani di un\u2019evasione\nscrupolosamente preparata. Il segno pittorico \u00e8 netto, la luce \u00e8 la lama\ntagliente che affila gli spigoli dei paesaggi metropolitani di Edward Hopper.<\/p>\n\n\n\n<p>Marco Petrus \u00e8 nato a Rimini nel 1960, vive a Milano dove ha frequentato la Facolt\u00e0 di Architettura. Ha accumulato un lungo e prestigioso percorso espositivo.<\/p>\n\n\n\n<p>Figlio\nd\u2019arte, fin da giovanissimo punta all\u2019architettura e, a seguire, ci sono le\nprime prove di tecnica di stampa e di riproduzione artistica. Petrus apre una\nstamperia d\u2019arte, che sar\u00e0 luogo di incontri con altri artisti.&nbsp; <\/p>\n\n\n\n<p>Esordisce\nin mostra nel 1991; la sua pittura tende gi\u00e0 all\u2019immobilit\u00e0 quasi metafisica\ndell\u2019architettura.<\/p>\n\n\n\n<p>La\nseconda fase di Petrus \u00e8 scandita da linee chiare e campiture piatte e la terza\nindaga la struttura delle forme urbanistiche e architettoniche.<\/p>\n\n\n\n<p>Quasi\na mediare le fasi di cui sopra, ecco il periodo del \u201ccongelamento\u201d del\npaesaggio urbano in un gioco di astratta stilizzazione: la pittura \u00e8 da Petrus\nintesa come perfetta ricerca di \u201cpura forma\u201d architettonica, fino a investire\nil senso del dipingere e rappresentare.<\/p>\n","protected":false},"excerpt":{"rendered":"<p>La seconda posizione del Premio Morlotti 1997 \u00e8 assegnata a Marco Petrus, per l\u2019opera Citt\u00e0 (1996, olio su carta cm 80 x 60). Una citt\u00e0 vuota, perch\u00e9 contenitore del nulla: il nulla che ha divorato l\u2019animo di chi la abita.<\/p>\n","protected":false},"author":1,"featured_media":0,"parent":0,"menu_order":0,"comment_status":"closed","ping_status":"closed","template":"","meta":{"_uag_custom_page_level_css":"","footnotes":""},"class_list":["post-206","page","type-page","status-publish","hentry"],"uagb_featured_image_src":{"full":false,"thumbnail":false,"medium":false,"medium_large":false,"large":false,"1536x1536":false,"2048x2048":false,"featured-blog-large":false,"featured-blog-medium":false,"featured":false,"featured-blog-medium-small":false},"uagb_author_info":{"display_name":"amministratore","author_link":"https:\/\/www.premiomorlotti.it\/?author=1"},"uagb_comment_info":0,"uagb_excerpt":"La seconda posizione del Premio Morlotti 1997 \u00e8 assegnata a Marco Petrus, per l\u2019opera Citt\u00e0 (1996, olio su carta cm 80 x 60). Una citt\u00e0 vuota, perch\u00e9 contenitore del nulla: il nulla che ha divorato l\u2019animo di chi la abita.","_links":{"self":[{"href":"https:\/\/www.premiomorlotti.it\/index.php?rest_route=\/wp\/v2\/pages\/206","targetHints":{"allow":["GET"]}}],"collection":[{"href":"https:\/\/www.premiomorlotti.it\/index.php?rest_route=\/wp\/v2\/pages"}],"about":[{"href":"https:\/\/www.premiomorlotti.it\/index.php?rest_route=\/wp\/v2\/types\/page"}],"author":[{"embeddable":true,"href":"https:\/\/www.premiomorlotti.it\/index.php?rest_route=\/wp\/v2\/users\/1"}],"replies":[{"embeddable":true,"href":"https:\/\/www.premiomorlotti.it\/index.php?rest_route=%2Fwp%2Fv2%2Fcomments&post=206"}],"version-history":[{"count":3,"href":"https:\/\/www.premiomorlotti.it\/index.php?rest_route=\/wp\/v2\/pages\/206\/revisions"}],"predecessor-version":[{"id":370,"href":"https:\/\/www.premiomorlotti.it\/index.php?rest_route=\/wp\/v2\/pages\/206\/revisions\/370"}],"wp:attachment":[{"href":"https:\/\/www.premiomorlotti.it\/index.php?rest_route=%2Fwp%2Fv2%2Fmedia&parent=206"}],"curies":[{"name":"wp","href":"https:\/\/api.w.org\/{rel}","templated":true}]}}