{"id":9,"date":"2020-01-31T16:13:37","date_gmt":"2020-01-31T15:13:37","guid":{"rendered":"http:\/\/premiomorlotti.it\/?page_id=9"},"modified":"2026-04-12T14:44:44","modified_gmt":"2026-04-12T12:44:44","slug":"seconda-pagina-prova","status":"publish","type":"page","link":"https:\/\/www.premiomorlotti.it\/?page_id=9","title":{"rendered":"Edizione 2026"},"content":{"rendered":"\n<h2 class=\"wp-block-heading has-text-align-center has-text-color\" style=\"color:#82c1e9\">LA DILUIZIONE DELLA REALTA&#8217;<\/h2>\n\n\n\n<p class=\"has-text-align-center\"><strong><mark style=\"background-color:rgba(0, 0, 0, 0)\" class=\"has-inline-color has-pale-cyan-blue-color\">Tempo di verit\u00e0 parallele: dov&#8217;\u00e8 finito il reale vero per tutti?<\/mark><\/strong><\/p>\n\n\n\n<p class=\"has-text-align-center\"><strong><em>19\u00b0 Premio Morlotti Imbersago<\/em> <\/strong><\/p>\n\n\n\n<p>Si vive oggi una sorta di perfida condizione distopica che invade il nostro comune sentire, gi\u00e0 da tempo pericolosamente attiva ma incrementata esponenzialmente dai progressi informatici, dalla crescita  travolgente della telematica e dell\u2019intelligenza artificiale. Una condizione che attiene alla percezione stessa della realt\u00e0, di ci\u00f2 che \u00e8 vero o falso tra le cose che accadono, delle verit\u00e0 parallele che coesistono simultaneamente. Dalla televisione alla sfera internet e social, dai giornali al cinema e all\u2019editoria si direbbe difatti che non esista pi\u00f9 una realt\u00e0 reale, una verit\u00e0 inoppugnabile, vera per tutti. E ovviamente non c\u2019en- tra la relativit\u00e0 cui \u00e8 sottoposta ogni lettura delle cose e ogni punto di vista in base a luoghi, culture, esperienze diverse. La diluizione che investe oggi la realt\u00e0 \u00e8 qualcosa di pi\u00f9 generale e universale.<br>Qualcosa che si riassume nel fatto che ogni dato, ogni notizia, ogni posizione appare passibile d\u2019esse-<br>re falsificata, trasformata nel suo contrario, al punto da portare a credere una cosa piuttosto che un\u2019altra.<br>Si tratta di uno svuotamento oggettivo di credibilit\u00e0, di una sfiducia indotta in ci\u00f2 che pure si vede con gli occhi, qualcosa che potrebbe essere vero ma potrebbe anche essere stato manipolato e volgersi nel suo contrario. <br>Mai nella storia dell\u2019umanit\u00e0 si era determinata una tale incertezza generale, una tale mancanza di oggettivit\u00e0 condivisa! <br>Solo la cultura pu\u00f2 tentare di mettere un freno a tutto questo. Solo gli approfondimenti dovuti a un adeguato spirito critico possono rallentare e svelare questa deriva della percezione.<\/p>\n\n\n\n<p>E la sfida \u00e8 aperta, perch\u00e9 le suggestioni dell\u2019arte, come particolarissime \u201cculture\u201d dell\u2019immaginare e dello svelare, possono avere un loro ruolo attivo straordinario nel provare a ricostruire la verit\u00e0 oggettiva del reale. Immaginiamo forme, segni e immagini che tentino di riflettere e interpretare questo stallo distopico della fattualit\u00e0 del mondo.<br>Invitiamo a partecipare giovani artisti, dunque, tra quelli che intendono praticare una linea di responsabilit\u00e0 etica e poetica nella pittura di oggi, in continuit\u00e0 con il passato. Ma che s\u2019intende con questo? Le mode culturali oggi prevalenti spingono genericamente verso una sorta di \u201carte per l\u2019arte\u201d, cio\u00e8 verso pratiche artistiche autoreferenziali, prive di rapporti reali con le sostanze esistenziali della realt\u00e0 e della vita: pratiche che impiegano quasi esclusivamente linguaggi e modi espressivi gergali, elitari, non di rado volutamente criptici e volti soprattutto pi\u00f9 all\u2019ottenimento del successo di mercato che a un vero rapporto con le cose e con gli uomini. L\u2019identit\u00e0 del Premio \u201cMorlotti-Imbersago\u201d \u00e8 invece quella di incoraggiare tra i giovani ricerche espressive che tendano a una \u201carte per la vita\u201d, cio\u00e8 a un rapporto dinamico e vitale con l\u2019esistenza delle donne e degli uomini, sia nel sociale del mondo che nel privato delle vicende individuali, attraverso forme attuali e innovative di linguaggio prevalentemente figurale.<\/p>\n\n\n\n\n\n\n\n\n\n\n\n\n\n\n\n\n\n\n\n<div class=\"wp-block-uagb-image uagb-block-c8b8d3cf wp-block-uagb-image--layout-default wp-block-uagb-image--effect-static wp-block-uagb-image--align-none\"><figure class=\"wp-block-uagb-image__figure\"><img decoding=\"async\" srcset=\"https:\/\/www.premiomorlotti.it\/wp-content\/uploads\/2026\/04\/Locandina-1024x1024.jpeg ,https:\/\/www.premiomorlotti.it\/wp-content\/uploads\/2026\/04\/Locandina.jpeg 780w, https:\/\/www.premiomorlotti.it\/wp-content\/uploads\/2026\/04\/Locandina.jpeg 360w\" sizes=\"auto, (max-width: 480px) 150px\" src=\"https:\/\/www.premiomorlotti.it\/wp-content\/uploads\/2026\/04\/Locandina-1024x1024.jpeg\" alt=\"\" class=\"uag-image-994\" width=\"1024\" height=\"803\" title=\"Locandina\" loading=\"lazy\" role=\"img\"\/><\/figure><\/div>\n","protected":false},"excerpt":{"rendered":"<p>LA DILUIZIONE DELLA REALTA&#8217; Tempo di verit\u00e0 parallele: dov&#8217;\u00e8 finito il reale vero per tutti? 19\u00b0 Premio Morlotti Imbersago Si vive oggi una sorta di perfida condizione distopica che invade il nostro comune sentire, gi\u00e0 da tempo pericolosamente attiva ma<\/p>\n","protected":false},"author":1,"featured_media":0,"parent":0,"menu_order":0,"comment_status":"closed","ping_status":"closed","template":"","meta":{"_uag_custom_page_level_css":"","footnotes":""},"class_list":["post-9","page","type-page","status-publish","hentry"],"uagb_featured_image_src":{"full":false,"thumbnail":false,"medium":false,"medium_large":false,"large":false,"1536x1536":false,"2048x2048":false,"featured-blog-large":false,"featured-blog-medium":false,"featured":false,"featured-blog-medium-small":false},"uagb_author_info":{"display_name":"amministratore","author_link":"https:\/\/www.premiomorlotti.it\/?author=1"},"uagb_comment_info":0,"uagb_excerpt":"LA DILUIZIONE DELLA REALTA&#8217; Tempo di verit\u00e0 parallele: dov&#8217;\u00e8 finito il reale vero per tutti? 19\u00b0 Premio Morlotti Imbersago Si vive oggi una sorta di perfida condizione distopica che invade il nostro comune sentire, gi\u00e0 da tempo pericolosamente attiva ma","_links":{"self":[{"href":"https:\/\/www.premiomorlotti.it\/index.php?rest_route=\/wp\/v2\/pages\/9","targetHints":{"allow":["GET"]}}],"collection":[{"href":"https:\/\/www.premiomorlotti.it\/index.php?rest_route=\/wp\/v2\/pages"}],"about":[{"href":"https:\/\/www.premiomorlotti.it\/index.php?rest_route=\/wp\/v2\/types\/page"}],"author":[{"embeddable":true,"href":"https:\/\/www.premiomorlotti.it\/index.php?rest_route=\/wp\/v2\/users\/1"}],"replies":[{"embeddable":true,"href":"https:\/\/www.premiomorlotti.it\/index.php?rest_route=%2Fwp%2Fv2%2Fcomments&post=9"}],"version-history":[{"count":24,"href":"https:\/\/www.premiomorlotti.it\/index.php?rest_route=\/wp\/v2\/pages\/9\/revisions"}],"predecessor-version":[{"id":1006,"href":"https:\/\/www.premiomorlotti.it\/index.php?rest_route=\/wp\/v2\/pages\/9\/revisions\/1006"}],"wp:attachment":[{"href":"https:\/\/www.premiomorlotti.it\/index.php?rest_route=%2Fwp%2Fv2%2Fmedia&parent=9"}],"curies":[{"name":"wp","href":"https:\/\/api.w.org\/{rel}","templated":true}]}}